{"id":80,"date":"2014-06-09T15:08:24","date_gmt":"2014-06-09T15:08:24","guid":{"rendered":"http:\/\/lezardtrampoline.com\/?page_id=80"},"modified":"2023-08-20T13:13:05","modified_gmt":"2023-08-20T13:13:05","slug":"a-propos-de-nous","status":"publish","type":"page","link":"https:\/\/lezardtrampoline.com\/fr\/a-propos-de-nous\/","title":{"rendered":"A propos de nous"},"content":{"rendered":"<section class=\"wpb-content-wrapper\"><p>[vc_row][vc_column][vc_empty_space][\/vc_column][\/vc_row][vc_row][vc_column width=&#8221;1\/4&#8243;][\/vc_column][vc_column width=&#8221;1\/2&#8243;][vc_column_text]<\/p>\n<h3>Notre Approche<\/h3>\n<p>Fond\u00e9e en 2014, l&#8217;association Le L\u00e9zard sur le Trampoline se concentre sur la cr\u00e9ation de projets artistiques transculturels qui font se rejoindre les concerts, la photographie, les arts plastiques et le th\u00e9\u00e2tre physique. Nous voulons provoquer de nouvelles formes de beaut\u00e9, pas tout \u00e0 fait conformes aux cat\u00e9gories \u00e9tablies et qui d\u00e9fient la banalit\u00e9 commerciale.<\/p>\n<p>Les fondateurs, Won Kim Ph.D. et Jemina Boraccino partagent une vision commune de la production de projets, de celle qui compl\u00e8te et \u00e9largit les possibilit\u00e9s de leurs disciplines respectives. L\u2019exp\u00e9rience de Won en mime corporel et th\u00e9\u00e2tre physique et la carri\u00e8re de Jemina dans la photographie et le journalisme culturel s&#8217;unissent pour former une combinaison Bonnie et Clyde. Ce n&#8217;est pas seulement la libert\u00e9 d&#8217;imaginer, c\u2019est surtout la volont\u00e9 et la d\u00e9termination \u00e0 construire.[\/vc_column_text][\/vc_column][vc_column width=&#8221;1\/4&#8243;][vc_single_image image=&#8221;5430&#8243; img_size=&#8221;full&#8221; css_animation=&#8221;bounceInRight&#8221;][\/vc_column][\/vc_row]<\/p>\n<\/section>","protected":false},"excerpt":{"rendered":"<p>[vc_row][vc_column][vc_empty_space][\/vc_column][\/vc_row][vc_row][vc_column width=&#8221;1\/4&#8243;][\/vc_column][vc_column width=&#8221;1\/2&#8243;][vc_column_text] Notre Approche Fond\u00e9e en 2014, l&#8217;association Le L\u00e9zard sur le Trampoline se concentre sur la cr\u00e9ation de projets artistiques transculturels qui font se rejoindre les concerts, la photographie, les arts plastiques et le th\u00e9\u00e2tre physique. Nous voulons provoquer de nouvelles formes de beaut\u00e9, pas tout \u00e0 fait conformes aux cat\u00e9gories \u00e9tablies et [&hellip;]<\/p>\n","protected":false},"author":5,"featured_media":5135,"parent":0,"menu_order":0,"comment_status":"closed","ping_status":"closed","template":"","meta":{"footnotes":"","_vp_format_video_url":"","_vp_image_focal_point":[]},"acf":[],"_links":{"self":[{"href":"https:\/\/lezardtrampoline.com\/fr\/wp-json\/wp\/v2\/pages\/80"}],"collection":[{"href":"https:\/\/lezardtrampoline.com\/fr\/wp-json\/wp\/v2\/pages"}],"about":[{"href":"https:\/\/lezardtrampoline.com\/fr\/wp-json\/wp\/v2\/types\/page"}],"author":[{"embeddable":true,"href":"https:\/\/lezardtrampoline.com\/fr\/wp-json\/wp\/v2\/users\/5"}],"replies":[{"embeddable":true,"href":"https:\/\/lezardtrampoline.com\/fr\/wp-json\/wp\/v2\/comments?post=80"}],"version-history":[{"count":10,"href":"https:\/\/lezardtrampoline.com\/fr\/wp-json\/wp\/v2\/pages\/80\/revisions"}],"predecessor-version":[{"id":6073,"href":"https:\/\/lezardtrampoline.com\/fr\/wp-json\/wp\/v2\/pages\/80\/revisions\/6073"}],"wp:featuredmedia":[{"embeddable":true,"href":"https:\/\/lezardtrampoline.com\/fr\/wp-json\/wp\/v2\/media\/5135"}],"wp:attachment":[{"href":"https:\/\/lezardtrampoline.com\/fr\/wp-json\/wp\/v2\/media?parent=80"}],"curies":[{"name":"wp","href":"https:\/\/api.w.org\/{rel}","templated":true}]}}